{"id":1459,"date":"2026-01-16T09:24:08","date_gmt":"2026-01-16T09:24:08","guid":{"rendered":"https:\/\/theslotrize.net\/login-and-registration\/"},"modified":"2026-01-16T13:52:46","modified_gmt":"2026-01-16T13:52:46","slug":"logowanie-i-rejestracja","status":"publish","type":"page","link":"https:\/\/theslotrize.net\/pl\/logowanie-i-rejestracja\/","title":{"rendered":"Logowanie i rejestracja"},"content":{"rendered":"<h1>Slotrize Login i Rejestracja<\/h1>\n<p>Slotrize login otwiera dost\u0119p do pe\u0142nego do\u015bwiadczenia gry na naszej platformie. Oferujemy obszern\u0105 kolekcj\u0119 gier, bezpieczne metody p\u0142atno\u015bci i dedykowan\u0105 obs\u0142ug\u0119 klienta. Po zalogowaniu gracze wchodz\u0105 do \u015brodowiska zbudowanego wok\u00f3\u0142 rozrywki, uczciwo\u015bci i bezpiecze\u0144stwa.<\/p>\n<p><div class=\"banner-wrap\" aria-label=\"Banner\"><img src=\"https:\/\/theslotrize.net\/wp-content\/uploads\/2026\/01\/Desktop-banner-scaled.webp\" class=\"w-100 d-none d-lg-block img-pc main-banner-img\" alt=\"Slotrize Desktop banner\" fetchpriority=\"high\" decoding=\"async\"><img src=\"https:\/\/theslotrize.net\/wp-content\/uploads\/2026\/01\/Mobile-banner.webp\" class=\"w-100 d-none d-md-block d-lg-none main-banner-img\" alt=\"Slotrize Mobile banner\" fetchpriority=\"high\" decoding=\"async\"><img src=\"https:\/\/theslotrize.net\/wp-content\/uploads\/2026\/01\/Mobile-banner.webp\" class=\"w-100 d-md-none\" alt=\"Slotrize Mobile banner\" fetchpriority=\"high\" decoding=\"async\"><div class=\"banner-description\">\n<div class=\"banner-title\">Bonusy powitalne<\/div>\n<p class=\"banner-header-title\">1500 \u20ac<\/p>\n<div class=\"banner-header-AdditionalText\">+ 250 Darmowe spiny<\/div>\n<button data-item=\"homepage_banner_link\" class=\"goto m-button m-gradient-border m-button--primary m-button--large banner-button btn-orange\">\n            <div class=\"m-button-content\">\n                <span>Zarejestruj si\u0119 teraz<\/span>\n                <span><\/span>\n            <\/div>\n        <\/button>\n<\/div>\n<div class=\"WelcomePack\">\n<p><img loading=\"lazy\" decoding=\"async\" class=\"alignnone size-full wp-image-1329\" src=\"https:\/\/theslotrize.net\/wp-content\/uploads\/2026\/01\/welcome-crown.svg\" alt=\"crown\" width=\"25\" height=\"26\" \/><\/p>\n<div class=\"WelcomePack-Info\">Cotygodniowy zwrot got\u00f3wki do 25%<\/div>\n<p><img loading=\"lazy\" decoding=\"async\" class=\"alignnone size-full wp-image-1329\" src=\"https:\/\/theslotrize.net\/wp-content\/uploads\/2026\/01\/welcome-crown.svg\" alt=\"crown\" width=\"25\" height=\"26\" \/><\/p>\n<\/div>\n<\/div><div class=\"scrollable-content-wrap my-5\"><div class=\"scrollable-content-inner\"><h2>Procedura rejestracji Slotrize<\/h2>\n<p>Utworzenie konta w Slot Rize to pierwszy krok do cieszenia si\u0119 wszystkim, co nasza platforma ma do zaoferowania. Z ponad 6000 gier kasynowych, w tym automat\u00f3w, gier sto\u0142owych i tytu\u0142\u00f3w z krupierami na \u017cywo, Twoje konto staje si\u0119 bram\u0105 do rozrywki premium. Zarejestrowani cz\u0142onkowie mog\u0105 odbiera\u0107 bonusy, uczestniczy\u0107 w turniejach, zarz\u0105dza\u0107 wp\u0142atami i wyp\u0142atami oraz uzyskiwa\u0107 dost\u0119p do wszystkich funkcji konta osobistego.<\/p>\n<p>Rejestracja w Slotrize casino wymaga tylko kilku prostych czynno\u015bci. Potrzebujesz przycisku rejestracji w prawym g\u00f3rnym rogu strony g\u0142\u00f3wnej. Kliknij go, aby otworzy\u0107 formularz rejestracyjny. Wprowad\u017a sw\u00f3j adres e-mail i utw\u00f3rz silne has\u0142o. Zalecamy u\u017cywanie kombinacji wielkich i ma\u0142ych liter, cyfr i symboli dla lepszego bezpiecze\u0144stwa. Przeczytaj i zaakceptuj regulamin, potwierdzaj\u0105c, \u017ce masz co najmniej 18 lat. Wy\u015blij formularz i sprawd\u017a swoj\u0105 skrzynk\u0119 odbiorcz\u0105 w poszukiwaniu linku potwierdzaj\u0105cego. Kliknij go, aby aktywowa\u0107 swoje konto Slotrize.<\/p>\n<p>Dodatkowe informacje osobowe, takie jak pe\u0142ne imi\u0119 i nazwisko oraz data urodzenia, mog\u0105 zosta\u0107 dodane p\u00f3\u017aniej w ustawieniach konta. Takie podej\u015bcie pozwala nowym graczom rozpocz\u0105\u0107 eksploracj\u0119 platformy bez op\u00f3\u017anie\u0144.<\/p>\n<h2>Kroki Slotrize Login<\/h2>\n<p>Powr\u00f3t do konta Slot Rize to prosty proces. Przycisk Slotrize login znajduje si\u0119 w prawej g\u00f3rnej cz\u0119\u015bci strony g\u0142\u00f3wnej. Po klikni\u0119ciu zobaczysz dwa pola na zarejestrowany adres e-mail i has\u0142o. Gracze, kt\u00f3rzy w\u0142\u0105czyli uwierzytelnianie dwusk\u0142adnikowe, b\u0119d\u0105 r\u00f3wnie\u017c musieli wprowadzi\u0107 kod weryfikacyjny ze swojego urz\u0105dzenia mobilnego lub aplikacji uwierzytelniaj\u0105cej. Po potwierdzeniu wszystkiego system natychmiast przyznaje dost\u0119p do osobistego panelu.<\/p>\n<p>Po wej\u015bciu zyskujesz pe\u0142n\u0105 kontrol\u0119 nad swoim profilem. Panel konta zapewnia dost\u0119p do nast\u0119puj\u0105cych funkcji:<\/p>\n<ul>\n<li>Edycja informacji osobowych i danych adresowych<\/li>\n<li>Zarz\u0105dzanie metodami p\u0142atno\u015bci dla wp\u0142at i wyp\u0142at<\/li>\n<li>W\u0142\u0105czanie lub wy\u0142\u0105czanie uwierzytelniania dwusk\u0142adnikowego<\/li>\n<li>Przegl\u0105danie historii transakcji i zapis\u00f3w bonus\u00f3w<\/li>\n<li>Przesy\u0142anie dokument\u00f3w i uko\u0144czenie procesu weryfikacji<\/li>\n<\/ul>\n<p>Slot Rize zapewnia, \u017ce ka\u017cdy cz\u0142onek zachowuje pe\u0142n\u0105 kontrol\u0119 nad swoim do\u015bwiadczeniem gry. Gracze mog\u0105 r\u00f3wnie\u017c skontaktowa\u0107 si\u0119 z naszym Zespo\u0142em Wsparcia przez czat na \u017cywo w dowolnym momencie.<\/p>\n<h3>Ochrona Twojego konta<\/h3>\n<p>Bezpiecze\u0144stwo pozostaje priorytetem w Slotrize. Nasza platforma wdra\u017ca wiele warstw ochrony, aby zabezpieczy\u0107 dane u\u017cytkownik\u00f3w i \u015brodki.<\/p>\n<table>\n<tbody>\n<tr>\n<td>Aspekt<\/td>\n<td>Szczeg\u00f3\u0142y<\/td>\n<\/tr>\n<tr>\n<td>Bezpiecze\u0144stwo platformy<\/td>\n<td>Szyfrowanie SSL 256-bit, uwierzytelnianie dwusk\u0142adnikowe, protok\u00f3\u0142 HTTPS, szyfrowanie danych, zgodno\u015b\u0107 z RODO, licencjonowane oprogramowanie, certyfikowany RNG<\/td>\n<\/tr>\n<tr>\n<td>Obs\u0142uga klienta<\/td>\n<td>Wieloj\u0119zyczne wsparcie, czat na \u017cywo i pomoc e-mailowa dost\u0119pne 24\/7<\/td>\n<\/tr>\n<tr>\n<td>Wymagania rejestracji<\/td>\n<td>Wa\u017cny e-mail, weryfikacja wieku, dane osobowe na \u017c\u0105danie<\/td>\n<\/tr>\n<tr>\n<td>Proces weryfikacji<\/td>\n<td>Przes\u0142anie dokument\u00f3w osobowych, przegl\u0105d zako\u0144czony w ci\u0105gu 48 godzin<\/td>\n<\/tr>\n<\/tbody>\n<\/table>\n<p>Proces weryfikacji jest istotn\u0105 cz\u0119\u015bci\u0105 utrzymania bezpiecznego \u015brodowiska. Slotrize wymaga od u\u017cytkownik\u00f3w przes\u0142ania kopii wa\u017cnych dokument\u00f3w to\u017csamo\u015bci wraz z dowodem adresu. Nasz Zesp\u00f3\u0142 Wsparcia przegl\u0105da te zg\u0142oszenia w ci\u0105gu 48 godzin i kontaktuje si\u0119 z cz\u0142onkami, je\u015bli potrzebna jest dodatkowa dokumentacja. Uko\u0144czenie weryfikacji odblokowuje funkcj\u0119 wyp\u0142at i wzmacnia og\u00f3ln\u0105 ochron\u0119 konta.<\/p>\n<p>Wszystkie dane przesy\u0142ane przez platform\u0119 Slot Rize pozostaj\u0105 zaszyfrowane. Uwierzytelnianie dwusk\u0142adnikowe dodaje dodatkow\u0105 barier\u0119 przeciwko nieautoryzowanemu dost\u0119powi. Zach\u0119camy wszystkich graczy do w\u0142\u0105czenia tej funkcji w ustawieniach konta.<\/p>\n<h2>Zablokowane lub zawieszone konta<\/h2>\n<p>Dost\u0119p do konta mo\u017ce by\u0107 tymczasowo ograniczony z kilku powod\u00f3w. Nieudane pr\u00f3by logowania przekraczaj\u0105ce dozwolony limit uruchamiaj\u0105 automatyczn\u0105 blokad\u0119 bezpiecze\u0144stwa. Podejrzana aktywno\u015b\u0107 wykryta przez nasze systemy monitorowania mo\u017ce r\u00f3wnie\u017c prowadzi\u0107 do tymczasowego zawieszenia. W niekt\u00f3rych przypadkach niekompletna weryfikacja lub brakuj\u0105ca dokumentacja skutkuje ograniczon\u0105 funkcjonalno\u015bci\u0105 konta.<\/p>\n<p>Je\u015bli nie mo\u017cesz uzyska\u0107 dost\u0119pu do swojego konta Slotrize, natychmiast skontaktuj si\u0119 z naszym Zespo\u0142em Wsparcia. Wieloj\u0119zyczne wsparcie jest dost\u0119pne przez czat na \u017cywo ca\u0142\u0105 dob\u0119. Nasi specjali\u015bci zweryfikuj\u0105 Twoj\u0105 to\u017csamo\u015b\u0107 i przeprowadz\u0105 Ci\u0119 przez kroki niezb\u0119dne do przywr\u00f3cenia dost\u0119pu. W przypadku zawiesze\u0144 zwi\u0105zanych z bezpiecze\u0144stwem mo\u017ce by\u0107 wymagana dodatkowa dokumentacja przed ponown\u0105 aktywacj\u0105 konta.<\/p>\n<p>Wnioski o samowykluczenie z\u0142o\u017cone przez posiadacza konta r\u00f3wnie\u017c skutkuj\u0105 ograniczeniem dost\u0119pu. Te okresy och\u0142odzenia s\u0105 zaprojektowane, aby wspiera\u0107 praktyki odpowiedzialnej gry. Czas trwania zale\u017cy od opcji wybranej w momencie sk\u0142adania wniosku.<\/p>\n<h2>FAQ<\/h2>\n<h3>Co powinienem zrobi\u0107, je\u015bli zapomnia\u0142em swojego e-maila rejestracyjnego?<\/h3>\n<p>Skontaktuj si\u0119 z Zespo\u0142em Wsparcia Slot Rize przez czat na \u017cywo lub e-mail. Nasi specjali\u015bci zweryfikuj\u0105 Twoj\u0105 to\u017csamo\u015b\u0107 przy u\u017cyciu alternatywnych metod, takich jak informacje osobowe powi\u0105zane z Twoim kontem lub zapisy ostatniej aktywno\u015bci. Po potwierdzeniu pomog\u0105 Ci odzyska\u0107 dost\u0119p.<\/p>\n<h3>Czy Slotrize Login jest bezpieczny?<\/h3>\n<p>Proces Slotrize login jest chroniony szyfrowaniem SSL 256-bit. Wszystkie dane wprowadzone podczas uwierzytelniania s\u0105 przesy\u0142ane bezpiecznie. Uwierzytelnianie dwusk\u0142adnikowe zapewnia dodatkow\u0105 warstw\u0119 ochrony. Nie przechowujemy automatycznie danych logowania. Twoja przegl\u0105darka mo\u017ce zaproponowa\u0107 zapisanie tych informacji, ale zalecamy w\u0142\u0105czanie takich funkcji tylko na osobistych urz\u0105dzeniach z bezpiecznym dost\u0119pem.<\/p>\n<h3>Dlaczego system ci\u0105gle mnie wylogowuje?<\/h3>\n<p>Automatyczne wylogowanie nast\u0119puje po okresie bezczynno\u015bci jako \u015brodek bezpiecze\u0144stwa. Limity czasu sesji chroni\u0105 Twoje konto, gdy odchodzisz od urz\u0105dzenia. Niestabilno\u015b\u0107 sieci lub usuwanie plik\u00f3w cookie przegl\u0105darki mo\u017ce r\u00f3wnie\u017c powodowa\u0107 nieoczekiwane wylogowania. Je\u015bli problem utrzymuje si\u0119 pomimo stabilnego po\u0142\u0105czenia internetowego, wyczy\u015b\u0107 pami\u0119\u0107 podr\u0119czn\u0105 przegl\u0105darki i spr\u00f3buj zalogowa\u0107 si\u0119 ponownie. W przypadku utrzymuj\u0105cych si\u0119 trudno\u015bci skontaktuj si\u0119 z naszym Zespo\u0142em Wsparcia w celu uzyskania pomocy.<\/p>\n<\/div><\/div><\/p>\n","protected":false},"excerpt":{"rendered":"<p>Slotrize Login i Rejestracja Slotrize login otwiera dost\u0119p do pe\u0142nego do\u015bwiadczenia gry na naszej platformie. Oferujemy obszern\u0105 kolekcj\u0119 gier, bezpieczne metody p\u0142atno\u015bci i dedykowan\u0105 obs\u0142ug\u0119 klienta. Po zalogowaniu gracze wchodz\u0105 do \u015brodowiska zbudowanego wok\u00f3\u0142 rozrywki, uczciwo\u015bci i bezpiecze\u0144stwa.<\/p>\n","protected":false},"author":9,"featured_media":0,"parent":0,"menu_order":0,"comment_status":"closed","ping_status":"closed","template":"template-builder.php","meta":{"_acf_changed":false,"inline_featured_image":false,"footnotes":""},"class_list":["post-1459","page","type-page","status-publish","hentry"],"acf":[],"yoast_head":"<!-- This site is optimized with the Yoast SEO plugin v27.3 - https:\/\/yoast.com\/product\/yoast-seo-wordpress\/ -->\n<title>Slotrize Login \u2013 Bezpieczne Logowanie do Konta Kasyna<\/title>\n<meta name=\"description\" content=\"Slotrize Login \u2013 zaloguj si\u0119 bezpiecznie do konta kasyna dzi\u0119ki szyfrowanemu dost\u0119powi. Zarz\u0105dzaj has\u0142em, profilem i ustawieniami konta w Slotrize.\" \/>\n<meta name=\"robots\" content=\"index, follow, max-snippet:-1, max-image-preview:large, max-video-preview:-1\" \/>\n<link rel=\"canonical\" href=\"https:\/\/theslotrize.net\/pl\/logowanie-i-rejestracja\/\" \/>\n<meta property=\"og:locale\" content=\"pl_PL\" \/>\n<meta property=\"og:type\" content=\"article\" \/>\n<meta property=\"og:title\" content=\"Slotrize Login \u2013 Bezpieczne Logowanie do Konta Kasyna\" \/>\n<meta property=\"og:description\" content=\"Slotrize Login \u2013 zaloguj si\u0119 bezpiecznie do konta kasyna dzi\u0119ki szyfrowanemu dost\u0119powi. Zarz\u0105dzaj has\u0142em, profilem i ustawieniami konta w Slotrize.\" \/>\n<meta property=\"og:url\" content=\"https:\/\/theslotrize.net\/pl\/logowanie-i-rejestracja\/\" \/>\n<meta property=\"og:site_name\" content=\"slotrize\" \/>\n<meta property=\"article:modified_time\" content=\"2026-01-16T13:52:46+00:00\" \/>\n<meta name=\"twitter:card\" content=\"summary_large_image\" \/>\n<meta name=\"twitter:label1\" content=\"Est. reading time\" \/>\n\t<meta name=\"twitter:data1\" content=\"1 minuta\" \/>\n<script type=\"application\/ld+json\" class=\"yoast-schema-graph\">{\"@context\":\"https:\\\/\\\/schema.org\",\"@graph\":[{\"@type\":\"WebPage\",\"@id\":\"https:\\\/\\\/theslotrize.net\\\/pl\\\/logowanie-i-rejestracja\\\/\",\"url\":\"https:\\\/\\\/theslotrize.net\\\/pl\\\/logowanie-i-rejestracja\\\/\",\"name\":\"Slotrize Login \u2013 Bezpieczne Logowanie do Konta Kasyna\",\"isPartOf\":{\"@id\":\"https:\\\/\\\/theslotrize.net\\\/pl\\\/#website\"},\"datePublished\":\"2026-01-16T09:24:08+00:00\",\"dateModified\":\"2026-01-16T13:52:46+00:00\",\"description\":\"Slotrize Login \u2013 zaloguj si\u0119 bezpiecznie do konta kasyna dzi\u0119ki szyfrowanemu dost\u0119powi. Zarz\u0105dzaj has\u0142em, profilem i ustawieniami konta w Slotrize.\",\"breadcrumb\":{\"@id\":\"https:\\\/\\\/theslotrize.net\\\/pl\\\/logowanie-i-rejestracja\\\/#breadcrumb\"},\"inLanguage\":\"pl-PL\",\"potentialAction\":[{\"@type\":\"ReadAction\",\"target\":[\"https:\\\/\\\/theslotrize.net\\\/pl\\\/logowanie-i-rejestracja\\\/\"]}]},{\"@type\":\"BreadcrumbList\",\"@id\":\"https:\\\/\\\/theslotrize.net\\\/pl\\\/logowanie-i-rejestracja\\\/#breadcrumb\",\"itemListElement\":[{\"@type\":\"ListItem\",\"position\":1,\"name\":\"Slotrize\",\"item\":\"https:\\\/\\\/theslotrize.net\\\/pl\\\/\"},{\"@type\":\"ListItem\",\"position\":2,\"name\":\"Logowanie i rejestracja\"}]},{\"@type\":\"WebSite\",\"@id\":\"https:\\\/\\\/theslotrize.net\\\/pl\\\/#website\",\"url\":\"https:\\\/\\\/theslotrize.net\\\/pl\\\/\",\"name\":\"Slotrize\",\"description\":\"\",\"publisher\":{\"@id\":\"https:\\\/\\\/theslotrize.net\\\/pl\\\/#organization\"},\"potentialAction\":[{\"@type\":\"SearchAction\",\"target\":{\"@type\":\"EntryPoint\",\"urlTemplate\":\"https:\\\/\\\/theslotrize.net\\\/pl\\\/?s={search_term_string}\"},\"query-input\":{\"@type\":\"PropertyValueSpecification\",\"valueRequired\":true,\"valueName\":\"search_term_string\"}}],\"inLanguage\":\"pl-PL\"},{\"@type\":\"Organization\",\"@id\":\"https:\\\/\\\/theslotrize.net\\\/pl\\\/#organization\",\"name\":\"Slotrize\",\"url\":\"https:\\\/\\\/theslotrize.net\\\/pl\\\/\",\"logo\":{\"@type\":\"ImageObject\",\"inLanguage\":\"pl-PL\",\"@id\":\"https:\\\/\\\/theslotrize.net\\\/pl\\\/#\\\/schema\\\/logo\\\/image\\\/\",\"url\":\"https:\\\/\\\/theslotrize.net\\\/wp-content\\\/uploads\\\/2026\\\/01\\\/Slotrize-logo.svg\",\"contentUrl\":\"https:\\\/\\\/theslotrize.net\\\/wp-content\\\/uploads\\\/2026\\\/01\\\/Slotrize-logo.svg\",\"width\":54,\"height\":27,\"caption\":\"Slotrize\"},\"image\":{\"@id\":\"https:\\\/\\\/theslotrize.net\\\/pl\\\/#\\\/schema\\\/logo\\\/image\\\/\"}}]}<\/script>\n<!-- \/ Yoast SEO plugin. -->","yoast_head_json":{"title":"Slotrize Login \u2013 Bezpieczne Logowanie do Konta Kasyna","description":"Slotrize Login \u2013 zaloguj si\u0119 bezpiecznie do konta kasyna dzi\u0119ki szyfrowanemu dost\u0119powi. Zarz\u0105dzaj has\u0142em, profilem i ustawieniami konta w Slotrize.","robots":{"index":"index","follow":"follow","max-snippet":"max-snippet:-1","max-image-preview":"max-image-preview:large","max-video-preview":"max-video-preview:-1"},"canonical":"https:\/\/theslotrize.net\/pl\/logowanie-i-rejestracja\/","og_locale":"pl_PL","og_type":"article","og_title":"Slotrize Login \u2013 Bezpieczne Logowanie do Konta Kasyna","og_description":"Slotrize Login \u2013 zaloguj si\u0119 bezpiecznie do konta kasyna dzi\u0119ki szyfrowanemu dost\u0119powi. Zarz\u0105dzaj has\u0142em, profilem i ustawieniami konta w Slotrize.","og_url":"https:\/\/theslotrize.net\/pl\/logowanie-i-rejestracja\/","og_site_name":"slotrize","article_modified_time":"2026-01-16T13:52:46+00:00","twitter_card":"summary_large_image","twitter_misc":{"Est. reading time":"1 minuta"},"schema":{"@context":"https:\/\/schema.org","@graph":[{"@type":"WebPage","@id":"https:\/\/theslotrize.net\/pl\/logowanie-i-rejestracja\/","url":"https:\/\/theslotrize.net\/pl\/logowanie-i-rejestracja\/","name":"Slotrize Login \u2013 Bezpieczne Logowanie do Konta Kasyna","isPartOf":{"@id":"https:\/\/theslotrize.net\/pl\/#website"},"datePublished":"2026-01-16T09:24:08+00:00","dateModified":"2026-01-16T13:52:46+00:00","description":"Slotrize Login \u2013 zaloguj si\u0119 bezpiecznie do konta kasyna dzi\u0119ki szyfrowanemu dost\u0119powi. Zarz\u0105dzaj has\u0142em, profilem i ustawieniami konta w Slotrize.","breadcrumb":{"@id":"https:\/\/theslotrize.net\/pl\/logowanie-i-rejestracja\/#breadcrumb"},"inLanguage":"pl-PL","potentialAction":[{"@type":"ReadAction","target":["https:\/\/theslotrize.net\/pl\/logowanie-i-rejestracja\/"]}]},{"@type":"BreadcrumbList","@id":"https:\/\/theslotrize.net\/pl\/logowanie-i-rejestracja\/#breadcrumb","itemListElement":[{"@type":"ListItem","position":1,"name":"Slotrize","item":"https:\/\/theslotrize.net\/pl\/"},{"@type":"ListItem","position":2,"name":"Logowanie i rejestracja"}]},{"@type":"WebSite","@id":"https:\/\/theslotrize.net\/pl\/#website","url":"https:\/\/theslotrize.net\/pl\/","name":"Slotrize","description":"","publisher":{"@id":"https:\/\/theslotrize.net\/pl\/#organization"},"potentialAction":[{"@type":"SearchAction","target":{"@type":"EntryPoint","urlTemplate":"https:\/\/theslotrize.net\/pl\/?s={search_term_string}"},"query-input":{"@type":"PropertyValueSpecification","valueRequired":true,"valueName":"search_term_string"}}],"inLanguage":"pl-PL"},{"@type":"Organization","@id":"https:\/\/theslotrize.net\/pl\/#organization","name":"Slotrize","url":"https:\/\/theslotrize.net\/pl\/","logo":{"@type":"ImageObject","inLanguage":"pl-PL","@id":"https:\/\/theslotrize.net\/pl\/#\/schema\/logo\/image\/","url":"https:\/\/theslotrize.net\/wp-content\/uploads\/2026\/01\/Slotrize-logo.svg","contentUrl":"https:\/\/theslotrize.net\/wp-content\/uploads\/2026\/01\/Slotrize-logo.svg","width":54,"height":27,"caption":"Slotrize"},"image":{"@id":"https:\/\/theslotrize.net\/pl\/#\/schema\/logo\/image\/"}}]}},"_links":{"self":[{"href":"https:\/\/theslotrize.net\/pl\/wp-json\/wp\/v2\/pages\/1459","targetHints":{"allow":["GET"]}}],"collection":[{"href":"https:\/\/theslotrize.net\/pl\/wp-json\/wp\/v2\/pages"}],"about":[{"href":"https:\/\/theslotrize.net\/pl\/wp-json\/wp\/v2\/types\/page"}],"author":[{"embeddable":true,"href":"https:\/\/theslotrize.net\/pl\/wp-json\/wp\/v2\/users\/9"}],"replies":[{"embeddable":true,"href":"https:\/\/theslotrize.net\/pl\/wp-json\/wp\/v2\/comments?post=1459"}],"version-history":[{"count":1,"href":"https:\/\/theslotrize.net\/pl\/wp-json\/wp\/v2\/pages\/1459\/revisions"}],"predecessor-version":[{"id":1764,"href":"https:\/\/theslotrize.net\/pl\/wp-json\/wp\/v2\/pages\/1459\/revisions\/1764"}],"wp:attachment":[{"href":"https:\/\/theslotrize.net\/pl\/wp-json\/wp\/v2\/media?parent=1459"}],"curies":[{"name":"wp","href":"https:\/\/api.w.org\/{rel}","templated":true}]}}